{"id":23458,"date":"2025-03-12T16:33:50","date_gmt":"2025-03-12T16:33:50","guid":{"rendered":"https:\/\/medicora.keydesign.xyz\/physiotherapy\/?page_id=23458"},"modified":"2026-03-26T17:23:46","modified_gmt":"2026-03-26T17:23:46","slug":"services","status":"publish","type":"page","link":"https:\/\/9elmsphysio.com\/pt\/services\/","title":{"rendered":"Servi\u00e7os"},"content":{"rendered":"<div data-elementor-type=\"wp-page\" data-elementor-id=\"23458\" class=\"elementor elementor-23458\" data-elementor-post-type=\"page\">\n\t\t\t\t<div class=\"elementor-element elementor-element-d1a91ab e-flex e-con-boxed e-con e-parent\" data-id=\"d1a91ab\" data-element_type=\"container\" data-e-type=\"container\">\n\t\t\t\t\t<div class=\"e-con-inner\">\n\t\t<div class=\"elementor-element elementor-element-430bb9c e-con-full e-flex e-con e-child\" data-id=\"430bb9c\" data-element_type=\"container\" data-e-type=\"container\">\n\t\t<div class=\"elementor-element elementor-element-18c6b51 e-flex e-con-boxed e-con e-child\" data-id=\"18c6b51\" data-element_type=\"container\" data-e-type=\"container\">\n\t\t\t\t\t<div class=\"e-con-inner\">\n\t\t<div class=\"elementor-element elementor-element-c15a133 e-con-full animated-fast e-flex elementor-invisible e-con e-child\" data-id=\"c15a133\" data-element_type=\"container\" data-e-type=\"container\" data-settings=\"{&quot;background_background&quot;:&quot;classic&quot;,&quot;animation&quot;:&quot;fadeInUp&quot;}\">\n\t\t\t\t<div class=\"elementor-element elementor-element-e80a926 elementor-widget elementor-widget-image\" data-id=\"e80a926\" data-element_type=\"widget\" data-e-type=\"widget\" data-settings=\"{&quot;ekit_we_effect_on&quot;:&quot;none&quot;}\" data-widget_type=\"image.default\">\n\t\t\t\t\t\t\t\t\t\t\t\t\t\t\t<img fetchpriority=\"high\" decoding=\"async\" width=\"850\" height=\"550\" src=\"https:\/\/9elmsphysio.com\/wp-content\/uploads\/2025\/05\/blog-6.jpg\" class=\"attachment-full size-full wp-image-23961\" alt=\"\" \/>\t\t\t\t\t\t\t\t\t\t\t\t\t\t\t<\/div>\n\t\t<div class=\"elementor-element elementor-element-3d529c2 e-con-full e-flex e-con e-child\" data-id=\"3d529c2\" data-element_type=\"container\" data-e-type=\"container\">\n\t\t\t\t<div class=\"elementor-element elementor-element-c26a9c2 elementor-widget elementor-widget-elementskit-heading\" data-id=\"c26a9c2\" data-element_type=\"widget\" data-e-type=\"widget\" data-settings=\"{&quot;ekit_we_effect_on&quot;:&quot;css&quot;}\" data-widget_type=\"elementskit-heading.default\">\n\t\t\t\t\t<div class=\"ekit-wid-con\" ><div class=\"ekit-heading elementskit-section-title-wraper text_left   ekit_heading_tablet-   ekit_heading_mobile-\"><h4 class=\"ekit-heading--title elementskit-section-title\">Terapia manual<\/h4>\t\t\t\t<div class='ekit-heading__description'>\n\t\t\t\t\t<p>T\u00e9cnicas pr\u00e1ticas para aliviar a dor, melhorar a mobilidade e restaurar a funcionalidade.<\/p>\n\t\t\t\t<\/div>\n\t\t\t<\/div><\/div>\t\t\t\t<\/div>\n\t\t\t\t<div class=\"elementor-element elementor-element-251cf7b elementor-align-left elementor-widget__width-auto elementor-widget elementor-widget-elementskit-button\" data-id=\"251cf7b\" data-element_type=\"widget\" data-e-type=\"widget\" data-settings=\"{&quot;ekit_we_effect_on&quot;:&quot;none&quot;}\" data-widget_type=\"elementskit-button.default\">\n\t\t\t\t\t<div class=\"ekit-wid-con\" >\t\t<div class=\"ekit-btn-wraper\">\n\t\t\t\t\t\t\t<a href=\"https:\/\/medicora.keydesign.xyz\/physiotherapy\/services\/manual-therapy\/\" class=\"elementskit-btn  whitespace--normal\" id=\"\">\n\t\t\t\t\tLer mais\t\t\t\t<\/a>\n\t\t\t\t\t<\/div>\n        <\/div>\t\t\t\t<\/div>\n\t\t\t\t<\/div>\n\t\t\t\t<\/div>\n\t\t<div class=\"elementor-element elementor-element-e8ab7c1 e-con-full animated-fast e-flex elementor-invisible e-con e-child\" data-id=\"e8ab7c1\" data-element_type=\"container\" data-e-type=\"container\" data-settings=\"{&quot;background_background&quot;:&quot;classic&quot;,&quot;animation&quot;:&quot;fadeInUp&quot;,&quot;animation_delay&quot;:100}\">\n\t\t\t\t<div class=\"elementor-element elementor-element-f807bc6 elementor-widget elementor-widget-image\" data-id=\"f807bc6\" data-element_type=\"widget\" data-e-type=\"widget\" data-settings=\"{&quot;ekit_we_effect_on&quot;:&quot;none&quot;}\" data-widget_type=\"image.default\">\n\t\t\t\t\t\t\t\t\t\t\t\t\t\t\t<img decoding=\"async\" width=\"850\" height=\"550\" src=\"https:\/\/9elmsphysio.com\/wp-content\/uploads\/2023\/08\/blog-2.jpg\" class=\"attachment-full size-full wp-image-23595\" alt=\"\" \/>\t\t\t\t\t\t\t\t\t\t\t\t\t\t\t<\/div>\n\t\t<div class=\"elementor-element elementor-element-c4fd4da e-con-full e-flex e-con e-child\" data-id=\"c4fd4da\" data-element_type=\"container\" data-e-type=\"container\">\n\t\t\t\t<div class=\"elementor-element elementor-element-9a7b314 elementor-widget elementor-widget-elementskit-heading\" data-id=\"9a7b314\" data-element_type=\"widget\" data-e-type=\"widget\" data-settings=\"{&quot;ekit_we_effect_on&quot;:&quot;css&quot;}\" data-widget_type=\"elementskit-heading.default\">\n\t\t\t\t\t<div class=\"ekit-wid-con\" ><div class=\"ekit-heading elementskit-section-title-wraper text_left   ekit_heading_tablet-   ekit_heading_mobile-\"><h4 class=\"ekit-heading--title elementskit-section-title\">Reabilita\u00e7\u00e3o desportiva<\/h4>\t\t\t\t<div class='ekit-heading__description'>\n\t\t\t\t\t<p>Programas de recupera\u00e7\u00e3o de les\u00f5es personalizados para atletas e indiv\u00edduos ativos.<\/p>\n\t\t\t\t<\/div>\n\t\t\t<\/div><\/div>\t\t\t\t<\/div>\n\t\t\t\t<div class=\"elementor-element elementor-element-33e0ced elementor-align-left elementor-widget__width-auto elementor-widget elementor-widget-elementskit-button\" data-id=\"33e0ced\" data-element_type=\"widget\" data-e-type=\"widget\" data-settings=\"{&quot;ekit_we_effect_on&quot;:&quot;none&quot;}\" data-widget_type=\"elementskit-button.default\">\n\t\t\t\t\t<div class=\"ekit-wid-con\" >\t\t<div class=\"ekit-btn-wraper\">\n\t\t\t\t\t\t\t<a href=\"https:\/\/medicora.keydesign.xyz\/physiotherapy\/services\/sports-rehab\/\" class=\"elementskit-btn  whitespace--normal\" id=\"\">\n\t\t\t\t\tLer mais\t\t\t\t<\/a>\n\t\t\t\t\t<\/div>\n        <\/div>\t\t\t\t<\/div>\n\t\t\t\t<\/div>\n\t\t\t\t<\/div>\n\t\t<div class=\"elementor-element elementor-element-ff0c24a e-con-full animated-fast e-flex elementor-invisible e-con e-child\" data-id=\"ff0c24a\" data-element_type=\"container\" data-e-type=\"container\" data-settings=\"{&quot;background_background&quot;:&quot;classic&quot;,&quot;animation&quot;:&quot;fadeInUp&quot;,&quot;animation_delay&quot;:200}\">\n\t\t\t\t<div class=\"elementor-element elementor-element-0560d59 elementor-widget elementor-widget-image\" data-id=\"0560d59\" data-element_type=\"widget\" data-e-type=\"widget\" data-settings=\"{&quot;ekit_we_effect_on&quot;:&quot;none&quot;}\" data-widget_type=\"image.default\">\n\t\t\t\t\t\t\t\t\t\t\t\t\t\t\t<img decoding=\"async\" width=\"850\" height=\"550\" src=\"https:\/\/9elmsphysio.com\/wp-content\/uploads\/2025\/05\/blog-5.jpg\" class=\"attachment-full size-full wp-image-23960\" alt=\"\" \/>\t\t\t\t\t\t\t\t\t\t\t\t\t\t\t<\/div>\n\t\t<div class=\"elementor-element elementor-element-a9a382a e-con-full e-flex e-con e-child\" data-id=\"a9a382a\" data-element_type=\"container\" data-e-type=\"container\">\n\t\t\t\t<div class=\"elementor-element elementor-element-5537b9f elementor-widget elementor-widget-elementskit-heading\" data-id=\"5537b9f\" data-element_type=\"widget\" data-e-type=\"widget\" data-settings=\"{&quot;ekit_we_effect_on&quot;:&quot;css&quot;}\" data-widget_type=\"elementskit-heading.default\">\n\t\t\t\t\t<div class=\"ekit-wid-con\" ><div class=\"ekit-heading elementskit-section-title-wraper text_left   ekit_heading_tablet-   ekit_heading_mobile-\"><h4 class=\"ekit-heading--title elementskit-section-title\">Cuidados p\u00f3s-cir\u00fargicos<\/h4>\t\t\t\t<div class='ekit-heading__description'>\n\t\t\t\t\t<p>Reabilita\u00e7\u00e3o guiada para recuperar for\u00e7a, flexibilidade e amplitude de movimento total em seguran\u00e7a.<\/p>\n\t\t\t\t<\/div>\n\t\t\t<\/div><\/div>\t\t\t\t<\/div>\n\t\t\t\t<div class=\"elementor-element elementor-element-943e06d elementor-align-left elementor-widget__width-auto elementor-widget elementor-widget-elementskit-button\" data-id=\"943e06d\" data-element_type=\"widget\" data-e-type=\"widget\" data-settings=\"{&quot;ekit_we_effect_on&quot;:&quot;none&quot;}\" data-widget_type=\"elementskit-button.default\">\n\t\t\t\t\t<div class=\"ekit-wid-con\" >\t\t<div class=\"ekit-btn-wraper\">\n\t\t\t\t\t\t\t<a href=\"https:\/\/medicora.keydesign.xyz\/physiotherapy\/services\/post-surgery-care\/\" class=\"elementskit-btn  whitespace--normal\" id=\"\">\n\t\t\t\t\tLer mais\t\t\t\t<\/a>\n\t\t\t\t\t<\/div>\n        <\/div>\t\t\t\t<\/div>\n\t\t\t\t<\/div>\n\t\t\t\t<\/div>\n\t\t\t\t\t<\/div>\n\t\t\t\t<\/div>\n\t\t<div class=\"elementor-element elementor-element-ad6104d e-con-full e-flex e-con e-child\" data-id=\"ad6104d\" data-element_type=\"container\" data-e-type=\"container\">\n\t\t<div class=\"elementor-element elementor-element-d8dd85c e-con-full animated-fast e-flex elementor-invisible e-con e-child\" data-id=\"d8dd85c\" data-element_type=\"container\" data-e-type=\"container\" data-settings=\"{&quot;background_background&quot;:&quot;classic&quot;,&quot;animation&quot;:&quot;fadeInUp&quot;}\">\n\t\t\t\t<div class=\"elementor-element elementor-element-ad7d77b elementor-widget elementor-widget-image\" data-id=\"ad7d77b\" data-element_type=\"widget\" data-e-type=\"widget\" data-settings=\"{&quot;ekit_we_effect_on&quot;:&quot;none&quot;}\" data-widget_type=\"image.default\">\n\t\t\t\t\t\t\t\t\t\t\t\t\t\t\t<img loading=\"lazy\" decoding=\"async\" width=\"850\" height=\"550\" src=\"https:\/\/9elmsphysio.com\/wp-content\/uploads\/2023\/08\/blog-1.jpg\" class=\"attachment-full size-full wp-image-23593\" alt=\"\" \/>\t\t\t\t\t\t\t\t\t\t\t\t\t\t\t<\/div>\n\t\t<div class=\"elementor-element elementor-element-fbe5931 e-con-full e-flex e-con e-child\" data-id=\"fbe5931\" data-element_type=\"container\" data-e-type=\"container\">\n\t\t\t\t<div class=\"elementor-element elementor-element-91ea5d8 elementor-widget elementor-widget-elementskit-heading\" data-id=\"91ea5d8\" data-element_type=\"widget\" data-e-type=\"widget\" data-settings=\"{&quot;ekit_we_effect_on&quot;:&quot;css&quot;}\" data-widget_type=\"elementskit-heading.default\">\n\t\t\t\t\t<div class=\"ekit-wid-con\" ><div class=\"ekit-heading elementskit-section-title-wraper text_left   ekit_heading_tablet-   ekit_heading_mobile-\"><h4 class=\"ekit-heading--title elementskit-section-title\">Eletroterapia<\/h4>\t\t\t\t<div class='ekit-heading__description'>\n\t\t\t\t\t<p>Estimula\u00e7\u00e3o el\u00e9trica direcionada para reduzir a dor e apoiar a cicatriza\u00e7\u00e3o de tecidos.<\/p>\n\t\t\t\t<\/div>\n\t\t\t<\/div><\/div>\t\t\t\t<\/div>\n\t\t\t\t<div class=\"elementor-element elementor-element-b52c95b elementor-align-left elementor-widget__width-auto elementor-widget elementor-widget-elementskit-button\" data-id=\"b52c95b\" data-element_type=\"widget\" data-e-type=\"widget\" data-settings=\"{&quot;ekit_we_effect_on&quot;:&quot;none&quot;}\" data-widget_type=\"elementskit-button.default\">\n\t\t\t\t\t<div class=\"ekit-wid-con\" >\t\t<div class=\"ekit-btn-wraper\">\n\t\t\t\t\t\t\t<a href=\"https:\/\/medicora.keydesign.xyz\/physiotherapy\/services\/electrotherapy\/\" class=\"elementskit-btn  whitespace--normal\" id=\"\">\n\t\t\t\t\tLer mais\t\t\t\t<\/a>\n\t\t\t\t\t<\/div>\n        <\/div>\t\t\t\t<\/div>\n\t\t\t\t<\/div>\n\t\t\t\t<\/div>\n\t\t<div class=\"elementor-element elementor-element-bfb26b3 e-con-full animated-fast e-flex elementor-invisible e-con e-child\" data-id=\"bfb26b3\" data-element_type=\"container\" data-e-type=\"container\" data-settings=\"{&quot;background_background&quot;:&quot;classic&quot;,&quot;animation&quot;:&quot;fadeInUp&quot;,&quot;animation_delay&quot;:100}\">\n\t\t\t\t<div class=\"elementor-element elementor-element-e9d453c elementor-widget elementor-widget-image\" data-id=\"e9d453c\" data-element_type=\"widget\" data-e-type=\"widget\" data-settings=\"{&quot;ekit_we_effect_on&quot;:&quot;none&quot;}\" data-widget_type=\"image.default\">\n\t\t\t\t\t\t\t\t\t\t\t\t\t\t\t<img loading=\"lazy\" decoding=\"async\" width=\"850\" height=\"550\" src=\"https:\/\/9elmsphysio.com\/wp-content\/uploads\/2023\/08\/blog-3.jpg\" class=\"attachment-full size-full wp-image-23596\" alt=\"\" \/>\t\t\t\t\t\t\t\t\t\t\t\t\t\t\t<\/div>\n\t\t<div class=\"elementor-element elementor-element-05f7fea e-con-full e-flex e-con e-child\" data-id=\"05f7fea\" data-element_type=\"container\" data-e-type=\"container\">\n\t\t\t\t<div class=\"elementor-element elementor-element-225f7d9 elementor-widget elementor-widget-elementskit-heading\" data-id=\"225f7d9\" data-element_type=\"widget\" data-e-type=\"widget\" data-settings=\"{&quot;ekit_we_effect_on&quot;:&quot;css&quot;}\" data-widget_type=\"elementskit-heading.default\">\n\t\t\t\t\t<div class=\"ekit-wid-con\" ><div class=\"ekit-heading elementskit-section-title-wraper text_left   ekit_heading_tablet-   ekit_heading_mobile-\"><h4 class=\"ekit-heading--title elementskit-section-title\">Terapia de exerc\u00edcio<\/h4>\t\t\t\t<div class='ekit-heading__description'>\n\t\t\t\t\t<p>Programas de movimento personalizados para restaurar a for\u00e7a e a fun\u00e7\u00e3o f\u00edsica.<\/p>\n\t\t\t\t<\/div>\n\t\t\t<\/div><\/div>\t\t\t\t<\/div>\n\t\t\t\t<div class=\"elementor-element elementor-element-b4bc8d2 elementor-align-left elementor-widget__width-auto elementor-widget elementor-widget-elementskit-button\" data-id=\"b4bc8d2\" data-element_type=\"widget\" data-e-type=\"widget\" data-settings=\"{&quot;ekit_we_effect_on&quot;:&quot;none&quot;}\" data-widget_type=\"elementskit-button.default\">\n\t\t\t\t\t<div class=\"ekit-wid-con\" >\t\t<div class=\"ekit-btn-wraper\">\n\t\t\t\t\t\t\t<a href=\"https:\/\/medicora.keydesign.xyz\/physiotherapy\/services\/exercise-therapy\/\" class=\"elementskit-btn  whitespace--normal\" id=\"\">\n\t\t\t\t\tLer mais\t\t\t\t<\/a>\n\t\t\t\t\t<\/div>\n        <\/div>\t\t\t\t<\/div>\n\t\t\t\t<\/div>\n\t\t\t\t<\/div>\n\t\t<div class=\"elementor-element elementor-element-e59d68e e-con-full animated-fast e-flex elementor-invisible e-con e-child\" data-id=\"e59d68e\" data-element_type=\"container\" data-e-type=\"container\" data-settings=\"{&quot;background_background&quot;:&quot;classic&quot;,&quot;animation&quot;:&quot;fadeInUp&quot;,&quot;animation_delay&quot;:200}\">\n\t\t\t\t<div class=\"elementor-element elementor-element-2193f4e elementor-widget elementor-widget-image\" data-id=\"2193f4e\" data-element_type=\"widget\" data-e-type=\"widget\" data-settings=\"{&quot;ekit_we_effect_on&quot;:&quot;none&quot;}\" data-widget_type=\"image.default\">\n\t\t\t\t\t\t\t\t\t\t\t\t\t\t\t<img loading=\"lazy\" decoding=\"async\" width=\"850\" height=\"550\" src=\"https:\/\/9elmsphysio.com\/wp-content\/uploads\/2023\/08\/blog-4.jpg\" class=\"attachment-full size-full wp-image-23594\" alt=\"\" \/>\t\t\t\t\t\t\t\t\t\t\t\t\t\t\t<\/div>\n\t\t<div class=\"elementor-element elementor-element-da6b283 e-con-full e-flex e-con e-child\" data-id=\"da6b283\" data-element_type=\"container\" data-e-type=\"container\">\n\t\t\t\t<div class=\"elementor-element elementor-element-c109ee7 elementor-widget elementor-widget-elementskit-heading\" data-id=\"c109ee7\" data-element_type=\"widget\" data-e-type=\"widget\" data-settings=\"{&quot;ekit_we_effect_on&quot;:&quot;css&quot;}\" data-widget_type=\"elementskit-heading.default\">\n\t\t\t\t\t<div class=\"ekit-wid-con\" ><div class=\"ekit-heading elementskit-section-title-wraper text_left   ekit_heading_tablet-   ekit_heading_mobile-\"><h4 class=\"ekit-heading--title elementskit-section-title\">Gest\u00e3o da dor<\/h4>\t\t\t\t<div class='ekit-heading__description'>\n\t\t\t\t\t<p>Estrat\u00e9gias terap\u00eauticas para reduzir a dor a longo prazo e melhorar o bem-estar di\u00e1rio.<\/p>\n\t\t\t\t<\/div>\n\t\t\t<\/div><\/div>\t\t\t\t<\/div>\n\t\t\t\t<div class=\"elementor-element elementor-element-b2895d5 elementor-align-left elementor-widget__width-auto elementor-widget elementor-widget-elementskit-button\" data-id=\"b2895d5\" data-element_type=\"widget\" data-e-type=\"widget\" data-settings=\"{&quot;ekit_we_effect_on&quot;:&quot;none&quot;}\" data-widget_type=\"elementskit-button.default\">\n\t\t\t\t\t<div class=\"ekit-wid-con\" >\t\t<div class=\"ekit-btn-wraper\">\n\t\t\t\t\t\t\t<a href=\"#\" class=\"elementskit-btn  whitespace--normal\" id=\"\">\n\t\t\t\t\tLer mais\t\t\t\t<\/a>\n\t\t\t\t\t<\/div>\n        <\/div>\t\t\t\t<\/div>\n\t\t\t\t<\/div>\n\t\t\t\t<\/div>\n\t\t\t\t<\/div>\n\t\t\t\t<\/div>\n\t\t\t\t\t<\/div>\n\t\t\t\t<\/div>\n\t\t\t\t<\/div>","protected":false},"excerpt":{"rendered":"<p>Manual therapy Hands-on techniques to relieve pain, improve mobility, and restore function. Read more Sports rehab Injury recovery programs tailored for athletes and active individuals. Read more Post-surgery care Guided rehabilitation to regain strength, flexibility, and full movement safely. Read more Electrotherapy Targeted electrical stimulation to reduce pain and support tissue healing. Read more Exercise [&hellip;]<\/p>\n","protected":false},"author":1,"featured_media":0,"parent":0,"menu_order":0,"comment_status":"closed","ping_status":"closed","template":"","meta":{"footnotes":""},"class_list":["post-23458","page","type-page","status-publish","hentry"],"aioseo_notices":[],"_hostinger_reach_plugin_has_subscription_block":false,"_hostinger_reach_plugin_is_elementor":false,"_links":{"self":[{"href":"https:\/\/9elmsphysio.com\/pt\/wp-json\/wp\/v2\/pages\/23458","targetHints":{"allow":["GET"]}}],"collection":[{"href":"https:\/\/9elmsphysio.com\/pt\/wp-json\/wp\/v2\/pages"}],"about":[{"href":"https:\/\/9elmsphysio.com\/pt\/wp-json\/wp\/v2\/types\/page"}],"author":[{"embeddable":true,"href":"https:\/\/9elmsphysio.com\/pt\/wp-json\/wp\/v2\/users\/1"}],"replies":[{"embeddable":true,"href":"https:\/\/9elmsphysio.com\/pt\/wp-json\/wp\/v2\/comments?post=23458"}],"version-history":[{"count":1,"href":"https:\/\/9elmsphysio.com\/pt\/wp-json\/wp\/v2\/pages\/23458\/revisions"}],"predecessor-version":[{"id":23965,"href":"https:\/\/9elmsphysio.com\/pt\/wp-json\/wp\/v2\/pages\/23458\/revisions\/23965"}],"wp:attachment":[{"href":"https:\/\/9elmsphysio.com\/pt\/wp-json\/wp\/v2\/media?parent=23458"}],"curies":[{"name":"palavra-passe","href":"https:\/\/api.w.org\/{rel}","templated":true}]}}